{"id":1841,"date":"2015-08-13T21:56:10","date_gmt":"2015-08-13T20:56:10","guid":{"rendered":"https:\/\/www.lesvoletsbleus.fr\/en\/privatiser\/"},"modified":"2024-12-10T14:34:56","modified_gmt":"2024-12-10T13:34:56","slug":"privatiser-maison-biarritz","status":"publish","type":"page","link":"https:\/\/www.lesvoletsbleus.fr\/en\/privatiser-maison-biarritz\/","title":{"rendered":"Privatiser les Volets Bleus"},"content":{"rendered":"<section class=\"wpb-content-wrapper\"><p>[vc_row][vc_column][vc_column_text]<\/p>\n<figure id=\"attachment_3654\" aria-describedby=\"caption-attachment-3654\" style=\"width: 750px\" class=\"wp-caption aligncenter\"><a href=\"https:\/\/www.lesvoletsbleus.fr\/wp-content\/uploads\/2019\/10\/img_5730.jpg\"><img decoding=\"async\" class=\"size-full wp-image-3654\" src=\"https:\/\/www.lesvoletsbleus.fr\/wp-content\/uploads\/2019\/10\/img_5730.jpg\" alt=\"Location maison de vacances les Volets Bleus \u00e0 Arcangues\" width=\"750\" height=\"563\" srcset=\"https:\/\/www.lesvoletsbleus.fr\/wp-content\/uploads\/2019\/10\/img_5730.jpg 750w, https:\/\/www.lesvoletsbleus.fr\/wp-content\/uploads\/2019\/10\/img_5730-300x225.jpg 300w\" sizes=\"(max-width: 750px) 100vw, 750px\" \/><\/a><figcaption id=\"caption-attachment-3654\" class=\"wp-caption-text\">La table dress\u00e9e de la maison de vacances les Volets Bleus \u00e0 Arcangues<\/figcaption><\/figure>\n<p><iframe style=\"border: none; overflow: hidden;\" src=\"https:\/\/www.facebook.com\/plugins\/share_button.php?href=https:\/\/www.lesvoletsbleus.fr\/privatiser-maison-biarritz\/&amp;layout=button&amp;size=small&amp;mobile_iframe=true&amp;appId=161170830743870&amp;width=75&amp;height=20\" width=\"75\" height=\"20\" frameborder=\"0\" scrolling=\"no\"><\/iframe><\/p>\n<h2>La maison les Volets Bleus \u00e0 Arcangues \u00e0 10&#8243; de Biarritz<\/h2>\n<p>Une <strong>maison d&#8217;exception<\/strong> aux portes de <strong>Biarritz<\/strong>, de ses plages, de ses golfs,\u00a0de la thalassoth\u00e9rapie, situ\u00e9e \u00e0 Arcangues, \u00e0 proximit\u00e9 du bourg, <strong>village basque<\/strong> rendu c\u00e9l\u00e8bre\u00a0par notre chanteur d\u2019op\u00e9rette, Luis Mariano qui y v\u00e9cut.<\/p>\n<p>La maison<strong>\u00a0les Volets Bleus<\/strong>\u00a0que vous pouvez privatiser en famille, ou entre amis, est un v\u00e9ritable havre de paix, vous serez s\u00e9duit par ce lieu de caract\u00e8re paisible, par son confort moderne,\u00a0par sa \u00a0situation face aux collines vertes du <strong>Pays basque<\/strong>.<br \/>\nCette authentique maison labourdine, est entour\u00e9e d\u2019un parc d\u20191 hectare,\u00a0d\u2019une <strong>piscine<\/strong>\u00a0d&#8217;eau sal\u00e9e, chauff\u00e9e, d\u2019un terrain de p\u00e9tanque.<\/p>\n<h2>Charme d&#8217;une maison a privatiser<\/h2>\n<p>Vous disposez, d\u2019un grand s\u00e9jour avec tous les services que nous proposons, d\u2019un espace bar<span style=\"font-size: 1.4rem;\">,\u00a0de <strong>5 vastes chambres<\/strong> avec <strong>chacune sa salle de bain<\/strong>, <strong>ses toilettes privatives<\/strong>.<strong>\u00a0<\/strong><\/span><\/p>\n<figure id=\"attachment_1831\" aria-describedby=\"caption-attachment-1831\" style=\"width: 1000px\" class=\"wp-caption aligncenter\"><a href=\"https:\/\/www.lesvoletsbleus.fr\/wp-content\/uploads\/2015\/08\/Volets_bleus_Arcangues_1.jpg\"><img decoding=\"async\" class=\"wp-image-1831 size-full\" src=\"https:\/\/www.lesvoletsbleus.fr\/wp-content\/uploads\/2015\/08\/Volets_bleus_Arcangues_1.jpg\" alt=\"S\u00e9jour maison les Volets Bleus\" width=\"1000\" height=\"667\" srcset=\"https:\/\/www.lesvoletsbleus.fr\/wp-content\/uploads\/2015\/08\/Volets_bleus_Arcangues_1.jpg 1000w, https:\/\/www.lesvoletsbleus.fr\/wp-content\/uploads\/2015\/08\/Volets_bleus_Arcangues_1-300x200.jpg 300w\" sizes=\"(max-width: 1000px) 100vw, 1000px\" \/><\/a><figcaption id=\"caption-attachment-1831\" class=\"wp-caption-text\">S\u00e9jour aux Volets Bleus proche de Biarritz<\/figcaption><\/figure>\n<p><span style=\"font-size: 1.4rem;\">Con\u00e7u pour passer un s\u00e9jour en famille, entre amis, pour accueillir,\u00a0\u00a0clients et partenaires d\u2019affaires, vous b\u00e9n\u00e9ficiez d&#8217;un acc\u00e8s \u00e0 diff\u00e9rents espaces,\u00a0<\/span>comme le bar, le salon d&#8217;\u00e9t\u00e9.<\/p>\n<figure id=\"attachment_1834\" aria-describedby=\"caption-attachment-1834\" style=\"width: 1000px\" class=\"wp-caption aligncenter\"><a href=\"https:\/\/www.lesvoletsbleus.fr\/wp-content\/uploads\/2015\/08\/Volets_bleus_Arcangues_4.jpg\"><img decoding=\"async\" class=\"wp-image-1834 size-full\" src=\"https:\/\/www.lesvoletsbleus.fr\/wp-content\/uploads\/2015\/08\/Volets_bleus_Arcangues_4.jpg\" alt=\"Bar maison les Volets Bleus\" width=\"1000\" height=\"667\" srcset=\"https:\/\/www.lesvoletsbleus.fr\/wp-content\/uploads\/2015\/08\/Volets_bleus_Arcangues_4.jpg 1000w, https:\/\/www.lesvoletsbleus.fr\/wp-content\/uploads\/2015\/08\/Volets_bleus_Arcangues_4-300x200.jpg 300w\" sizes=\"(max-width: 1000px) 100vw, 1000px\" \/><\/a><figcaption id=\"caption-attachment-1834\" class=\"wp-caption-text\">Les \u00a0Volets Bleus \u00e0 louer \u00e0 Arcangues au Pays Basque<\/figcaption><\/figure>\n<h2>Les ext\u00e9rieurs de la maison les Volets Bleus<\/h2>\n<p>Vous pourrez profiter des espaces arbor\u00e9s et fleuris, ainsi que de la <strong>piscine<\/strong> d&#8217;eau sal\u00e9e et chauff\u00e9e en saison, \u00a0pour des moments\u00a0de grande d\u00e9tente.<\/p>\n<figure id=\"attachment_1436\" aria-describedby=\"caption-attachment-1436\" style=\"width: 1732px\" class=\"wp-caption aligncenter\"><a href=\"https:\/\/www.lesvoletsbleus.fr\/wp-content\/uploads\/2015\/06\/piscine-biarritz-volets-bleus.jpg\"><img decoding=\"async\" class=\"size-full wp-image-1436\" src=\"https:\/\/www.lesvoletsbleus.fr\/wp-content\/uploads\/2015\/06\/piscine-biarritz-volets-bleus.jpg\" alt=\"Piscine maison dhotes Volets Bleus\" width=\"1732\" height=\"1155\" srcset=\"https:\/\/www.lesvoletsbleus.fr\/wp-content\/uploads\/2015\/06\/piscine-biarritz-volets-bleus.jpg 1732w, https:\/\/www.lesvoletsbleus.fr\/wp-content\/uploads\/2015\/06\/piscine-biarritz-volets-bleus-300x200.jpg 300w, https:\/\/www.lesvoletsbleus.fr\/wp-content\/uploads\/2015\/06\/piscine-biarritz-volets-bleus-1024x683.jpg 1024w\" sizes=\"(max-width: 1732px) 100vw, 1732px\" \/><\/a><figcaption id=\"caption-attachment-1436\" class=\"wp-caption-text\">Piscine \u00a0maison les Volets Bleus<\/figcaption><\/figure>\n<h2>Les prestations et services de la maison de vacances<\/h2>\n<p>\u00c9v\u00e8nements<br \/>\nS\u00e9minaire<br \/>\nShooting photos<br \/>\nS\u00e9jour \u00e0 th\u00e8me ( cours de cuisine, d\u2019oenologie, bien-\u00eatre)<\/p>\n<h2>Prestations\u00a0incluses<\/h2>\n<p>M\u00e9nage quotidien de 3 heures<br \/>\nMaintenance technique, piscine, entretien jardin<br \/>\nS\u00e9jour minimum de 7 nuits \u00a0pour la p\u00e9riode du 1 au 31 ao\u00fbt, et la fin de l&#8217;ann\u00e9e<br \/>\nDur\u00e9e minimum de 4 nuits pour les autres p\u00e9riodes de l\u2019ann\u00e9e<\/p>\n<h2>Services<\/h2>\n<p>Chef pour une soir\u00e9e<br \/>\nService traiteur<br \/>\nSoir\u00e9e d\u00e9gustation<br \/>\nCours de cuisine<br \/>\nMassages<br \/>\nCircuits touristiques<br \/>\nBaby sitting[\/vc_column_text][\/vc_column][\/vc_row][vc_row][vc_column][vc_gallery images=&#8221;1831,1834,3654,1832,3418,1837,1838,3318&#8243; columns=&#8221;4&#8243;][\/vc_column][\/vc_row]<\/p>\n<\/section>","protected":false},"excerpt":{"rendered":"<p>[vc_row][vc_column][vc_column_text] La maison les Volets Bleus \u00e0 Arcangues \u00e0 10&#8243; de Biarritz Une maison d&#8217;exception aux portes de Biarritz, de ses plages, de ses golfs,\u00a0de la thalassoth\u00e9rapie, situ\u00e9e \u00e0 Arcangues, \u00e0 proximit\u00e9 du bourg, village basque rendu c\u00e9l\u00e8bre\u00a0par notre chanteur d\u2019op\u00e9rette, Luis Mariano qui y v\u00e9cut. La maison\u00a0les Volets Bleus\u00a0que vous pouvez privatiser en famille, ou entre amis, est un [&hellip;]<\/p>\n","protected":false},"author":3,"featured_media":0,"parent":0,"menu_order":0,"comment_status":"closed","ping_status":"closed","template":"page-templates\/page-right.php","meta":{"_seopress_robots_primary_cat":"","footnotes":""},"class_list":["post-1841","page","type-page","status-publish","hentry"],"_links":{"self":[{"href":"https:\/\/www.lesvoletsbleus.fr\/en\/wp-json\/wp\/v2\/pages\/1841\/"}],"collection":[{"href":"https:\/\/www.lesvoletsbleus.fr\/en\/wp-json\/wp\/v2\/pages\/"}],"about":[{"href":"https:\/\/www.lesvoletsbleus.fr\/en\/wp-json\/wp\/v2\/types\/page\/"}],"author":[{"embeddable":true,"href":"https:\/\/www.lesvoletsbleus.fr\/en\/wp-json\/wp\/v2\/users\/3\/"}],"replies":[{"embeddable":true,"href":"https:\/\/www.lesvoletsbleus.fr\/en\/wp-json\/wp\/v2\/comments\/?post=1841"}],"version-history":[{"count":6,"href":"https:\/\/www.lesvoletsbleus.fr\/en\/wp-json\/wp\/v2\/pages\/1841\/revisions\/"}],"predecessor-version":[{"id":34990,"href":"https:\/\/www.lesvoletsbleus.fr\/en\/wp-json\/wp\/v2\/pages\/1841\/revisions\/34990\/"}],"wp:attachment":[{"href":"https:\/\/www.lesvoletsbleus.fr\/en\/wp-json\/wp\/v2\/media\/?parent=1841"}],"curies":[{"name":"wp","href":"https:\/\/api.w.org\/{rel}","templated":true}]}}